{"id":7889,"date":"2023-08-30T15:19:13","date_gmt":"2023-08-30T13:19:13","guid":{"rendered":"https:\/\/www.panter.ch\/impressum\/"},"modified":"2024-08-14T15:32:13","modified_gmt":"2024-08-14T13:32:13","slug":"imprint","status":"publish","type":"page","link":"https:\/\/www.panter.ch\/en\/imprint\/","title":{"rendered":"Imprint"},"content":{"rendered":"[vc_row type=&#8221;full_width_background&#8221; full_screen_row_position=&#8221;middle&#8221; column_margin=&#8221;default&#8221; column_direction=&#8221;default&#8221; column_direction_tablet=&#8221;default&#8221; column_direction_phone=&#8221;default&#8221; bg_color=&#8221;#f9f9f9&#8243; scene_position=&#8221;center&#8221; top_padding=&#8221;180px&#8221; bottom_padding=&#8221;80px&#8221; left_padding_desktop=&#8221;10vw&#8221; constrain_group_2=&#8221;yes&#8221; right_padding_desktop=&#8221;10vw&#8221; top_padding_phone=&#8221;180px&#8221; bottom_padding_phone=&#8221;80px&#8221; left_padding_phone=&#8221;0&#8243; right_padding_phone=&#8221;0&#8243; constrain_group_7=&#8221;yes&#8221; text_color=&#8221;dark&#8221; text_align=&#8221;left&#8221; row_border_radius=&#8221;none&#8221; row_border_radius_applies=&#8221;bg&#8221; overflow=&#8221;visible&#8221; overlay_strength=&#8221;0.3&#8243; gradient_direction=&#8221;left_to_right&#8221; shape_divider_position=&#8221;bottom&#8221; bg_image_animation=&#8221;none&#8221; gradient_type=&#8221;default&#8221; shape_type=&#8221;&#8221;][vc_column constrain_group_100=&#8221;yes&#8221; column_element_direction_desktop=&#8221;default&#8221; column_element_spacing=&#8221;default&#8221; desktop_text_alignment=&#8221;default&#8221; tablet_text_alignment=&#8221;default&#8221; phone_text_alignment=&#8221;default&#8221; background_color_opacity=&#8221;1&#8243; background_hover_color_opacity=&#8221;1&#8243; column_backdrop_filter=&#8221;none&#8221; column_shadow=&#8221;none&#8221; column_border_radius=&#8221;none&#8221; column_link_target=&#8221;_self&#8221; column_position=&#8221;default&#8221; gradient_direction=&#8221;left_to_right&#8221; overlay_strength=&#8221;0.3&#8243; width=&#8221;1\/1&#8243; tablet_width_inherit=&#8221;default&#8221; animation_type=&#8221;default&#8221; bg_image_animation=&#8221;none&#8221; border_type=&#8221;simple&#8221; column_border_width=&#8221;none&#8221; column_border_style=&#8221;solid&#8221; column_padding_type=&#8221;advanced&#8221; gradient_type=&#8221;default&#8221;][nectar_responsive_text]\n<h6>Legal notice<\/h6>\n[\/nectar_responsive_text][nectar_highlighted_text style=&#8221;scribble&#8221; scribble_shape=&#8221;basic-underline&#8221; scribble_thickness=&#8221;thin&#8221; scribble_speed=&#8221;1.8s&#8221; scribble_easing=&#8221;ease_in_out&#8221;]\n<h1>Imprint<\/h1>\n[\/nectar_highlighted_text][\/vc_column][\/vc_row][vc_row type=&#8221;in_container&#8221; full_screen_row_position=&#8221;middle&#8221; column_margin=&#8221;default&#8221; column_direction=&#8221;default&#8221; column_direction_tablet=&#8221;default&#8221; column_direction_phone=&#8221;default&#8221; bg_color=&#8221;#ffffff&#8221; scene_position=&#8221;center&#8221; top_padding=&#8221;120px&#8221; bottom_padding=&#8221;20px&#8221; left_padding_desktop=&#8221;10vw&#8221; right_padding_desktop=&#8221;10vw&#8221; top_padding_phone=&#8221;64px&#8221; bottom_padding_phone=&#8221;40px&#8221; left_padding_phone=&#8221;0px&#8221; constrain_group_6=&#8221;yes&#8221; right_padding_phone=&#8221;0px&#8221; text_color=&#8221;dark&#8221; text_align=&#8221;left&#8221; row_border_radius=&#8221;none&#8221; row_border_radius_applies=&#8221;bg&#8221; overflow=&#8221;visible&#8221; overlay_strength=&#8221;0.3&#8243; gradient_direction=&#8221;left_to_right&#8221; shape_divider_position=&#8221;bottom&#8221; bg_image_animation=&#8221;none&#8221; gradient_type=&#8221;default&#8221; shape_type=&#8221;&#8221;][vc_column column_padding=&#8221;no-extra-padding&#8221; column_padding_tablet=&#8221;inherit&#8221; column_padding_phone=&#8221;inherit&#8221; column_padding_position=&#8221;all&#8221; column_element_direction_desktop=&#8221;default&#8221; column_element_spacing=&#8221;default&#8221; desktop_text_alignment=&#8221;default&#8221; tablet_text_alignment=&#8221;default&#8221; phone_text_alignment=&#8221;default&#8221; background_color_opacity=&#8221;1&#8243; background_hover_color_opacity=&#8221;1&#8243; column_backdrop_filter=&#8221;none&#8221; column_shadow=&#8221;none&#8221; column_border_radius=&#8221;none&#8221; column_link_target=&#8221;_self&#8221; column_position=&#8221;default&#8221; gradient_direction=&#8221;left_to_right&#8221; overlay_strength=&#8221;0.3&#8243; width=&#8221;1\/2&#8243; tablet_width_inherit=&#8221;default&#8221; animation_type=&#8221;default&#8221; bg_image_animation=&#8221;none&#8221; border_type=&#8221;simple&#8221; column_border_width=&#8221;none&#8221; column_border_color=&#8221;#000000&#8243; column_border_style=&#8221;solid&#8221; column_padding_type=&#8221;default&#8221; gradient_type=&#8221;default&#8221;][nectar_highlighted_text color_type=&#8221;regular&#8221; style=&#8221;full_text&#8221; highlight_expansion=&#8221;default&#8221;]\n<h3>Contact address<\/h3>\n[\/nectar_highlighted_text][nectar_responsive_text]Panter AG<br \/>\nSihlquai 131<br \/>\n8005 Z\u00fcrich<br \/>\ninfo@panter.ch[\/nectar_responsive_text][\/vc_column][vc_column column_padding=&#8221;no-extra-padding&#8221; column_padding_tablet=&#8221;inherit&#8221; column_padding_phone=&#8221;inherit&#8221; column_padding_position=&#8221;all&#8221; column_element_direction_desktop=&#8221;default&#8221; column_element_spacing=&#8221;default&#8221; desktop_text_alignment=&#8221;default&#8221; tablet_text_alignment=&#8221;default&#8221; phone_text_alignment=&#8221;default&#8221; background_color_opacity=&#8221;1&#8243; background_hover_color_opacity=&#8221;1&#8243; column_backdrop_filter=&#8221;none&#8221; column_shadow=&#8221;none&#8221; column_border_radius=&#8221;none&#8221; column_link_target=&#8221;_self&#8221; column_position=&#8221;default&#8221; gradient_direction=&#8221;left_to_right&#8221; overlay_strength=&#8221;0.3&#8243; width=&#8221;1\/2&#8243; tablet_width_inherit=&#8221;default&#8221; animation_type=&#8221;default&#8221; bg_image_animation=&#8221;none&#8221; border_type=&#8221;simple&#8221; column_border_width=&#8221;none&#8221; column_border_style=&#8221;solid&#8221;][nectar_highlighted_text color_type=&#8221;regular&#8221; style=&#8221;full_text&#8221; highlight_expansion=&#8221;default&#8221;]\n<h3>Authorised company representatives<\/h3>\n[\/nectar_highlighted_text][nectar_responsive_text]Georgios Kontoleon<br \/>\nMartin M\u00e4chler<br \/>\nBeat Seeliger<br \/>\nChristoph Birkholz[\/nectar_responsive_text][\/vc_column][\/vc_row][vc_row type=&#8221;in_container&#8221; full_screen_row_position=&#8221;middle&#8221; column_margin=&#8221;default&#8221; column_direction=&#8221;default&#8221; column_direction_tablet=&#8221;default&#8221; column_direction_phone=&#8221;default&#8221; bg_color=&#8221;#ffffff&#8221; scene_position=&#8221;center&#8221; top_padding=&#8221;0&#8243; bottom_padding=&#8221;64px&#8221; left_padding_desktop=&#8221;10vw&#8221; right_padding_desktop=&#8221;10vw&#8221; top_padding_phone=&#8221;20px&#8221; bottom_padding_phone=&#8221;40px&#8221; left_padding_phone=&#8221;0px&#8221; constrain_group_6=&#8221;yes&#8221; right_padding_phone=&#8221;0px&#8221; text_color=&#8221;dark&#8221; text_align=&#8221;left&#8221; row_border_radius=&#8221;none&#8221; row_border_radius_applies=&#8221;bg&#8221; overflow=&#8221;visible&#8221; overlay_strength=&#8221;0.3&#8243; gradient_direction=&#8221;left_to_right&#8221; shape_divider_position=&#8221;bottom&#8221; bg_image_animation=&#8221;none&#8221; gradient_type=&#8221;default&#8221; shape_type=&#8221;&#8221;][vc_column column_padding=&#8221;no-extra-padding&#8221; column_padding_tablet=&#8221;inherit&#8221; column_padding_phone=&#8221;inherit&#8221; column_padding_position=&#8221;all&#8221; column_element_direction_desktop=&#8221;default&#8221; column_element_spacing=&#8221;default&#8221; desktop_text_alignment=&#8221;default&#8221; tablet_text_alignment=&#8221;default&#8221; phone_text_alignment=&#8221;default&#8221; background_color_opacity=&#8221;1&#8243; background_hover_color_opacity=&#8221;1&#8243; column_backdrop_filter=&#8221;none&#8221; column_shadow=&#8221;none&#8221; column_border_radius=&#8221;none&#8221; column_link_target=&#8221;_self&#8221; column_position=&#8221;default&#8221; gradient_direction=&#8221;left_to_right&#8221; overlay_strength=&#8221;0.3&#8243; width=&#8221;1\/2&#8243; tablet_width_inherit=&#8221;default&#8221; animation_type=&#8221;default&#8221; bg_image_animation=&#8221;none&#8221; border_type=&#8221;simple&#8221; column_border_width=&#8221;none&#8221; column_border_color=&#8221;#000000&#8243; column_border_style=&#8221;solid&#8221; column_padding_type=&#8221;default&#8221; gradient_type=&#8221;default&#8221;][nectar_highlighted_text color_type=&#8221;regular&#8221; style=&#8221;full_text&#8221; highlight_expansion=&#8221;default&#8221;]\n<h3 class=\"sc-emTkGv bFdXAU\">Commercial register entry<\/h3>\n[\/nectar_highlighted_text][nectar_responsive_text]Commercial Register of the Canton of Zurich<br \/>\nCompany name: Panter Ltd. (Panter AG)<br \/>\nNumber: CHE-112.652.380[\/nectar_responsive_text][\/vc_column][vc_column column_padding=&#8221;no-extra-padding&#8221; column_padding_tablet=&#8221;inherit&#8221; column_padding_phone=&#8221;inherit&#8221; column_padding_position=&#8221;all&#8221; column_element_direction_desktop=&#8221;default&#8221; column_element_spacing=&#8221;default&#8221; desktop_text_alignment=&#8221;default&#8221; tablet_text_alignment=&#8221;default&#8221; phone_text_alignment=&#8221;default&#8221; background_color_opacity=&#8221;1&#8243; background_hover_color_opacity=&#8221;1&#8243; column_backdrop_filter=&#8221;none&#8221; column_shadow=&#8221;none&#8221; column_border_radius=&#8221;none&#8221; column_link_target=&#8221;_self&#8221; column_position=&#8221;default&#8221; gradient_direction=&#8221;left_to_right&#8221; overlay_strength=&#8221;0.3&#8243; width=&#8221;1\/2&#8243; tablet_width_inherit=&#8221;default&#8221; animation_type=&#8221;default&#8221; bg_image_animation=&#8221;none&#8221; border_type=&#8221;simple&#8221; column_border_width=&#8221;none&#8221; column_border_style=&#8221;solid&#8221;][nectar_highlighted_text color_type=&#8221;regular&#8221; style=&#8221;full_text&#8221; highlight_expansion=&#8221;default&#8221;]\n<h3 class=\"sc-bvVdbW dsbUfV\">VAT number<\/h3>\n[\/nectar_highlighted_text][nectar_responsive_text]CHE-262.202.358 MWST<\/p>\n[\/nectar_responsive_text][\/vc_column][\/vc_row]\n","protected":false},"excerpt":{"rendered":"<p>[vc_row type=&#8221;full_width_background&#8221; full_screen_row_position=&#8221;middle&#8221; column_margin=&#8221;default&#8221; column_direction=&#8221;default&#8221; column_direction_tablet=&#8221;default&#8221; column_direction_phone=&#8221;default&#8221; bg_color=&#8221;#f9f9f9&#8243; scene_position=&#8221;center&#8221; top_padding=&#8221;180px&#8221; bottom_padding=&#8221;80px&#8221; left_padding_desktop=&#8221;10vw&#8221; constrain_group_2=&#8221;yes&#8221; right_padding_desktop=&#8221;10vw&#8221; top_padding_phone=&#8221;180px&#8221; bottom_padding_phone=&#8221;80px&#8221; left_padding_phone=&#8221;0&#8243; right_padding_phone=&#8221;0&#8243; constrain_group_7=&#8221;yes&#8221; text_color=&#8221;dark&#8221; text_align=&#8221;left&#8221; row_border_radius=&#8221;none&#8221; row_border_radius_applies=&#8221;bg&#8221;&#8230;<\/p>\n","protected":false},"author":5,"featured_media":3756,"parent":0,"menu_order":0,"comment_status":"closed","ping_status":"closed","template":"","meta":{"om_disable_all_campaigns":false,"inline_featured_image":false,"footnotes":""},"class_list":["post-7889","page","type-page","status-publish","has-post-thumbnail"],"yoast_head":"<!-- This site is optimized with the Yoast SEO Premium plugin v27.4 (Yoast SEO v27.4) - https:\/\/yoast.com\/product\/yoast-seo-premium-wordpress\/ -->\n<title>Panter |\u00a0Imprint<\/title>\n<meta name=\"description\" content=\"For comprehensive legal information and contact details, please refer to our official legal notice available on our website.\" \/>\n<meta name=\"robots\" content=\"index, follow, max-snippet:-1, max-image-preview:large, max-video-preview:-1\" \/>\n<link rel=\"canonical\" href=\"https:\/\/www.panter.ch\/en\/imprint\/\" \/>\n<meta property=\"og:locale\" content=\"en_US\" \/>\n<meta property=\"og:type\" content=\"article\" \/>\n<meta property=\"og:title\" content=\"Imprint\" \/>\n<meta property=\"og:description\" content=\"For comprehensive legal information and contact details, please refer to our official legal notice available on our website.\" \/>\n<meta property=\"og:url\" content=\"https:\/\/www.panter.ch\/en\/imprint\/\" \/>\n<meta property=\"og:site_name\" content=\"Panter AG\" \/>\n<meta property=\"article:publisher\" content=\"https:\/\/www.facebook.com\/panterch\" \/>\n<meta property=\"article:modified_time\" content=\"2024-08-14T13:32:13+00:00\" \/>\n<meta property=\"og:image\" content=\"https:\/\/www.panter.ch\/wp-content\/uploads\/\/Panter_Agency_23-1-jpg.webp\" \/>\n\t<meta property=\"og:image:width\" content=\"2200\" \/>\n\t<meta property=\"og:image:height\" content=\"1467\" \/>\n\t<meta property=\"og:image:type\" content=\"image\/jpeg\" \/>\n<meta name=\"twitter:card\" content=\"summary_large_image\" \/>\n<meta name=\"twitter:site\" content=\"@panterch\" \/>\n<meta name=\"twitter:label1\" content=\"Est. reading time\" \/>\n\t<meta name=\"twitter:data1\" content=\"2 minutes\" \/>\n<script type=\"application\/ld+json\" class=\"yoast-schema-graph\">{\"@context\":\"https:\\\/\\\/schema.org\",\"@graph\":[{\"@type\":\"WebPage\",\"@id\":\"https:\\\/\\\/www.panter.ch\\\/en\\\/imprint\\\/\",\"url\":\"https:\\\/\\\/www.panter.ch\\\/en\\\/imprint\\\/\",\"name\":\"Panter |\u00a0Imprint\",\"isPartOf\":{\"@id\":\"https:\\\/\\\/www.panter.ch\\\/en\\\/#website\"},\"primaryImageOfPage\":{\"@id\":\"https:\\\/\\\/www.panter.ch\\\/en\\\/imprint\\\/#primaryimage\"},\"image\":{\"@id\":\"https:\\\/\\\/www.panter.ch\\\/en\\\/imprint\\\/#primaryimage\"},\"thumbnailUrl\":\"https:\\\/\\\/www.panter.ch\\\/wp-content\\\/uploads\\\/\\\/Panter_Agency_23-1-jpg.webp\",\"datePublished\":\"2023-08-30T13:19:13+00:00\",\"dateModified\":\"2024-08-14T13:32:13+00:00\",\"description\":\"For comprehensive legal information and contact details, please refer to our official legal notice available on our website.\",\"breadcrumb\":{\"@id\":\"https:\\\/\\\/www.panter.ch\\\/en\\\/imprint\\\/#breadcrumb\"},\"inLanguage\":\"en-US\",\"potentialAction\":[{\"@type\":\"ReadAction\",\"target\":[\"https:\\\/\\\/www.panter.ch\\\/en\\\/imprint\\\/\"]}]},{\"@type\":\"ImageObject\",\"inLanguage\":\"en-US\",\"@id\":\"https:\\\/\\\/www.panter.ch\\\/en\\\/imprint\\\/#primaryimage\",\"url\":\"https:\\\/\\\/www.panter.ch\\\/wp-content\\\/uploads\\\/\\\/Panter_Agency_23-1-jpg.webp\",\"contentUrl\":\"https:\\\/\\\/www.panter.ch\\\/wp-content\\\/uploads\\\/\\\/Panter_Agency_23-1-jpg.webp\",\"width\":2200,\"height\":1467,\"caption\":\"Imagebilder f\u00fcr die Panter AG am Donnerstag (3.11.2022) im Caf\u00e9 Auer Z\u00fcrich. Foto: Thomas Egli\"},{\"@type\":\"BreadcrumbList\",\"@id\":\"https:\\\/\\\/www.panter.ch\\\/en\\\/imprint\\\/#breadcrumb\",\"itemListElement\":[{\"@type\":\"ListItem\",\"position\":1,\"name\":\"Home\",\"item\":\"https:\\\/\\\/www.panter.ch\\\/en\\\/salient-architect-landing\\\/\"},{\"@type\":\"ListItem\",\"position\":2,\"name\":\"Imprint\"}]},{\"@type\":\"WebSite\",\"@id\":\"https:\\\/\\\/www.panter.ch\\\/en\\\/#website\",\"url\":\"https:\\\/\\\/www.panter.ch\\\/en\\\/\",\"name\":\"Panter AG\",\"description\":\"Smarter, better, human.\",\"publisher\":{\"@id\":\"https:\\\/\\\/www.panter.ch\\\/en\\\/#organization\"},\"potentialAction\":[{\"@type\":\"SearchAction\",\"target\":{\"@type\":\"EntryPoint\",\"urlTemplate\":\"https:\\\/\\\/www.panter.ch\\\/en\\\/?s={search_term_string}\"},\"query-input\":{\"@type\":\"PropertyValueSpecification\",\"valueRequired\":true,\"valueName\":\"search_term_string\"}}],\"inLanguage\":\"en-US\"},{\"@type\":\"Organization\",\"@id\":\"https:\\\/\\\/www.panter.ch\\\/en\\\/#organization\",\"name\":\"Panter AG\",\"alternateName\":\"Panter\",\"url\":\"https:\\\/\\\/www.panter.ch\\\/en\\\/\",\"logo\":{\"@type\":\"ImageObject\",\"inLanguage\":\"en-US\",\"@id\":\"https:\\\/\\\/www.panter.ch\\\/en\\\/#\\\/schema\\\/logo\\\/image\\\/\",\"url\":\"https:\\\/\\\/www.panter.ch\\\/wp-content\\\/uploads\\\/Panter_Favicon_696x696.jpg\",\"contentUrl\":\"https:\\\/\\\/www.panter.ch\\\/wp-content\\\/uploads\\\/Panter_Favicon_696x696.jpg\",\"width\":696,\"height\":696,\"caption\":\"Panter AG\"},\"image\":{\"@id\":\"https:\\\/\\\/www.panter.ch\\\/en\\\/#\\\/schema\\\/logo\\\/image\\\/\"},\"sameAs\":[\"https:\\\/\\\/www.facebook.com\\\/panterch\",\"https:\\\/\\\/x.com\\\/panterch\",\"https:\\\/\\\/ch.linkedin.com\\\/company\\\/panter-ch\",\"https:\\\/\\\/www.instagram.com\\\/panter.ch\\\/\",\"https:\\\/\\\/github.com\\\/panter\"],\"description\":\"Wir von Panter sind Macher und Techies mit interdisziplin\u00e4rem Know-how \u2013 von Softwareentwicklung \u00fcber Design bis zu AI-Expertise. Mit innovativen, nutzerzentrierten L\u00f6sungen, modernster Technologie und einem starken Netzwerk entwickeln wir Services, die Ihre Nutzer begeistern und Ihr Unternehmen voranbringen. Als Schweizer Software- und Beratungsunternehmen stehen wir f\u00fcr Qualit\u00e4t, Innovationskraft und partnerschaftliche Zusammenarbeit \u2013 mit Herz und Verstand.\",\"email\":\"hello@panter.ch\",\"telephone\":\"+41 44 500 29 04\",\"legalName\":\"Panter AG\",\"foundingDate\":\"2005-01-01\",\"vatID\":\"CHE-262.202.358\",\"numberOfEmployees\":{\"@type\":\"QuantitativeValue\",\"minValue\":\"11\",\"maxValue\":\"50\"}}]}<\/script>\n<!-- \/ Yoast SEO Premium plugin. -->","yoast_head_json":{"title":"Panter |\u00a0Imprint","description":"For comprehensive legal information and contact details, please refer to our official legal notice available on our website.","robots":{"index":"index","follow":"follow","max-snippet":"max-snippet:-1","max-image-preview":"max-image-preview:large","max-video-preview":"max-video-preview:-1"},"canonical":"https:\/\/www.panter.ch\/en\/imprint\/","og_locale":"en_US","og_type":"article","og_title":"Imprint","og_description":"For comprehensive legal information and contact details, please refer to our official legal notice available on our website.","og_url":"https:\/\/www.panter.ch\/en\/imprint\/","og_site_name":"Panter AG","article_publisher":"https:\/\/www.facebook.com\/panterch","article_modified_time":"2024-08-14T13:32:13+00:00","og_image":[{"width":2200,"height":1467,"url":"https:\/\/www.panter.ch\/wp-content\/uploads\/\/Panter_Agency_23-1-jpg.webp","type":"image\/jpeg"}],"twitter_card":"summary_large_image","twitter_site":"@panterch","twitter_misc":{"Est. reading time":"2 minutes"},"schema":{"@context":"https:\/\/schema.org","@graph":[{"@type":"WebPage","@id":"https:\/\/www.panter.ch\/en\/imprint\/","url":"https:\/\/www.panter.ch\/en\/imprint\/","name":"Panter |\u00a0Imprint","isPartOf":{"@id":"https:\/\/www.panter.ch\/en\/#website"},"primaryImageOfPage":{"@id":"https:\/\/www.panter.ch\/en\/imprint\/#primaryimage"},"image":{"@id":"https:\/\/www.panter.ch\/en\/imprint\/#primaryimage"},"thumbnailUrl":"https:\/\/www.panter.ch\/wp-content\/uploads\/\/Panter_Agency_23-1-jpg.webp","datePublished":"2023-08-30T13:19:13+00:00","dateModified":"2024-08-14T13:32:13+00:00","description":"For comprehensive legal information and contact details, please refer to our official legal notice available on our website.","breadcrumb":{"@id":"https:\/\/www.panter.ch\/en\/imprint\/#breadcrumb"},"inLanguage":"en-US","potentialAction":[{"@type":"ReadAction","target":["https:\/\/www.panter.ch\/en\/imprint\/"]}]},{"@type":"ImageObject","inLanguage":"en-US","@id":"https:\/\/www.panter.ch\/en\/imprint\/#primaryimage","url":"https:\/\/www.panter.ch\/wp-content\/uploads\/\/Panter_Agency_23-1-jpg.webp","contentUrl":"https:\/\/www.panter.ch\/wp-content\/uploads\/\/Panter_Agency_23-1-jpg.webp","width":2200,"height":1467,"caption":"Imagebilder f\u00fcr die Panter AG am Donnerstag (3.11.2022) im Caf\u00e9 Auer Z\u00fcrich. Foto: Thomas Egli"},{"@type":"BreadcrumbList","@id":"https:\/\/www.panter.ch\/en\/imprint\/#breadcrumb","itemListElement":[{"@type":"ListItem","position":1,"name":"Home","item":"https:\/\/www.panter.ch\/en\/salient-architect-landing\/"},{"@type":"ListItem","position":2,"name":"Imprint"}]},{"@type":"WebSite","@id":"https:\/\/www.panter.ch\/en\/#website","url":"https:\/\/www.panter.ch\/en\/","name":"Panter AG","description":"Smarter, better, human.","publisher":{"@id":"https:\/\/www.panter.ch\/en\/#organization"},"potentialAction":[{"@type":"SearchAction","target":{"@type":"EntryPoint","urlTemplate":"https:\/\/www.panter.ch\/en\/?s={search_term_string}"},"query-input":{"@type":"PropertyValueSpecification","valueRequired":true,"valueName":"search_term_string"}}],"inLanguage":"en-US"},{"@type":"Organization","@id":"https:\/\/www.panter.ch\/en\/#organization","name":"Panter AG","alternateName":"Panter","url":"https:\/\/www.panter.ch\/en\/","logo":{"@type":"ImageObject","inLanguage":"en-US","@id":"https:\/\/www.panter.ch\/en\/#\/schema\/logo\/image\/","url":"https:\/\/www.panter.ch\/wp-content\/uploads\/Panter_Favicon_696x696.jpg","contentUrl":"https:\/\/www.panter.ch\/wp-content\/uploads\/Panter_Favicon_696x696.jpg","width":696,"height":696,"caption":"Panter AG"},"image":{"@id":"https:\/\/www.panter.ch\/en\/#\/schema\/logo\/image\/"},"sameAs":["https:\/\/www.facebook.com\/panterch","https:\/\/x.com\/panterch","https:\/\/ch.linkedin.com\/company\/panter-ch","https:\/\/www.instagram.com\/panter.ch\/","https:\/\/github.com\/panter"],"description":"Wir von Panter sind Macher und Techies mit interdisziplin\u00e4rem Know-how \u2013 von Softwareentwicklung \u00fcber Design bis zu AI-Expertise. Mit innovativen, nutzerzentrierten L\u00f6sungen, modernster Technologie und einem starken Netzwerk entwickeln wir Services, die Ihre Nutzer begeistern und Ihr Unternehmen voranbringen. Als Schweizer Software- und Beratungsunternehmen stehen wir f\u00fcr Qualit\u00e4t, Innovationskraft und partnerschaftliche Zusammenarbeit \u2013 mit Herz und Verstand.","email":"hello@panter.ch","telephone":"+41 44 500 29 04","legalName":"Panter AG","foundingDate":"2005-01-01","vatID":"CHE-262.202.358","numberOfEmployees":{"@type":"QuantitativeValue","minValue":"11","maxValue":"50"}}]}},"_links":{"self":[{"href":"https:\/\/www.panter.ch\/en\/wp-json\/wp\/v2\/pages\/7889","targetHints":{"allow":["GET"]}}],"collection":[{"href":"https:\/\/www.panter.ch\/en\/wp-json\/wp\/v2\/pages"}],"about":[{"href":"https:\/\/www.panter.ch\/en\/wp-json\/wp\/v2\/types\/page"}],"author":[{"embeddable":true,"href":"https:\/\/www.panter.ch\/en\/wp-json\/wp\/v2\/users\/5"}],"replies":[{"embeddable":true,"href":"https:\/\/www.panter.ch\/en\/wp-json\/wp\/v2\/comments?post=7889"}],"version-history":[{"count":3,"href":"https:\/\/www.panter.ch\/en\/wp-json\/wp\/v2\/pages\/7889\/revisions"}],"predecessor-version":[{"id":7895,"href":"https:\/\/www.panter.ch\/en\/wp-json\/wp\/v2\/pages\/7889\/revisions\/7895"}],"wp:featuredmedia":[{"embeddable":true,"href":"https:\/\/www.panter.ch\/en\/wp-json\/wp\/v2\/media\/3756"}],"wp:attachment":[{"href":"https:\/\/www.panter.ch\/en\/wp-json\/wp\/v2\/media?parent=7889"}],"curies":[{"name":"wp","href":"https:\/\/api.w.org\/{rel}","templated":true}]}}